{"id":3350,"date":"2021-02-07T15:50:44","date_gmt":"2021-02-07T13:50:44","guid":{"rendered":"http:\/\/www.wingertsbergschule-lorsch.de\/?page_id=3350"},"modified":"2025-11-18T13:14:03","modified_gmt":"2025-11-18T11:14:03","slug":"schulsozialarbeit","status":"publish","type":"page","link":"http:\/\/www.wingertsbergschule-lorsch.de\/?page_id=3350","title":{"rendered":"Schulsozialarbeit\/HELP"},"content":{"rendered":"<p><span style=\"color: #000000; font-family: comic; font-size: 18pt;\"><strong>HELP<a href=\"https:\/\/www.wingertsbergschule-lorsch.de\/?attachment_id=4573\" rel=\"attachment wp-att-4573\"><img loading=\"lazy\" class=\"wp-image-4573 alignright\" src=\"http:\/\/www.wingertsbergschule-lorsch.de\/wp-content\/uploads\/2025\/11\/RZ_GaBiBe_gGmbH_Logo_RGB_4C_HI-Res-300x300.jpg\" alt=\"\" width=\"193\" height=\"193\" srcset=\"http:\/\/www.wingertsbergschule-lorsch.de\/wp-content\/uploads\/2025\/11\/RZ_GaBiBe_gGmbH_Logo_RGB_4C_HI-Res-300x300.jpg 300w, http:\/\/www.wingertsbergschule-lorsch.de\/wp-content\/uploads\/2025\/11\/RZ_GaBiBe_gGmbH_Logo_RGB_4C_HI-Res-1024x1024.jpg 1024w, http:\/\/www.wingertsbergschule-lorsch.de\/wp-content\/uploads\/2025\/11\/RZ_GaBiBe_gGmbH_Logo_RGB_4C_HI-Res-150x150.jpg 150w, http:\/\/www.wingertsbergschule-lorsch.de\/wp-content\/uploads\/2025\/11\/RZ_GaBiBe_gGmbH_Logo_RGB_4C_HI-Res-768x768.jpg 768w, http:\/\/www.wingertsbergschule-lorsch.de\/wp-content\/uploads\/2025\/11\/RZ_GaBiBe_gGmbH_Logo_RGB_4C_HI-Res-1536x1536.jpg 1536w, http:\/\/www.wingertsbergschule-lorsch.de\/wp-content\/uploads\/2025\/11\/RZ_GaBiBe_gGmbH_Logo_RGB_4C_HI-Res-2048x2048.jpg 2048w\" sizes=\"(max-width: 193px) 100vw, 193px\" \/><\/a><\/strong><\/span><\/p>\n<p><span style=\"font-size: 12pt; color: #000000;\"><strong>H<\/strong>ilfe durch<strong>\u00a0e<\/strong>rfolgreiche<strong>\u00a0L<\/strong>\u00f6sungen mit\u00a0<strong>P<\/strong>rofis<\/span><\/p>\n<p><span style=\"font-size: 12pt; color: #000000;\">Soziale Arbeit an Schulen und ein professioneller Ansprechpartner f\u00fcr Sch\u00fclerinnen und Sch\u00fcler sowie deren Sorgeberechtigten in allen Lebenslagen.<\/span><\/p>\n<p><span style=\"font-size: 12pt; color: #000000;\">Durch individuelle Beratung und Begleitung finden wir gemeinsam L\u00f6sungen f\u00fcr eine Vielzahl von Problemlagen und unterst\u00fctzen bei der Inanspruchnahme von weiterf\u00fchrenden Hilfen.<\/span><\/p>\n<ul>\n<li><span style=\"font-size: 12pt; color: #000000;\"><strong>Vertrauliche Beratung von Sch\u00fclerinnen und Sch\u00fclern in Einzelgespr\u00e4chen<\/strong><\/span><\/li>\n<li><span style=\"font-size: 12pt; color: #000000;\"><strong>Vertrauliche Beratung von Eltern und Familienangeh\u00f6rigen <\/strong><\/span><\/li>\n<li><span style=\"font-size: 12pt; color: #000000;\"><strong>Gespr\u00e4che bei Bedarf auch au\u00dferhalb der Schule m\u00f6glich<\/strong><\/span><\/li>\n<li><span style=\"font-size: 12pt; color: #000000;\"><strong>Freiwilliges und offenes Angebot<\/strong><\/span><span style=\"font-size: 12pt; color: #000000;\">\u00a0 \u00a0 \u00a0 \u00a0<\/span><\/li>\n<\/ul>\n<p><span style=\"font-size: 12pt; color: #000000;\"><strong>\u00a0<\/strong><\/span><\/p>\n<p><span style=\"font-size: 12pt; color: #000000;\"><strong>Kontaktdaten der HELP-Kraft an dieser Schule:<\/strong><\/span><\/p>\n<p><span style=\"color: #000000; font-family: comic; font-size: 12pt;\"><strong>Maria Geiszler<\/strong><\/span><\/p>\n<p><span style=\"color: #000000; font-family: comic; font-size: 12pt;\">P\u00e4dagogische Fachkraft HELP<\/span><\/p>\n<p><a href=\"http:\/\/www.wingertsbergschule-lorsch.de\/?attachment_id=4402\" rel=\"attachment wp-att-4402\"><img loading=\"lazy\" class=\"wp-image-4402 alignleft\" src=\"http:\/\/www.wingertsbergschule-lorsch.de\/wp-content\/uploads\/2024\/11\/MG-Foto-199x300.jpg\" alt=\"\" width=\"135\" height=\"204\" srcset=\"http:\/\/www.wingertsbergschule-lorsch.de\/wp-content\/uploads\/2024\/11\/MG-Foto-199x300.jpg 199w, http:\/\/www.wingertsbergschule-lorsch.de\/wp-content\/uploads\/2024\/11\/MG-Foto-680x1024.jpg 680w, http:\/\/www.wingertsbergschule-lorsch.de\/wp-content\/uploads\/2024\/11\/MG-Foto-768x1156.jpg 768w, http:\/\/www.wingertsbergschule-lorsch.de\/wp-content\/uploads\/2024\/11\/MG-Foto-1020x1536.jpg 1020w, http:\/\/www.wingertsbergschule-lorsch.de\/wp-content\/uploads\/2024\/11\/MG-Foto-1360x2048.jpg 1360w, http:\/\/www.wingertsbergschule-lorsch.de\/wp-content\/uploads\/2024\/11\/MG-Foto-scaled.jpg 1700w\" sizes=\"(max-width: 135px) 100vw, 135px\" \/><\/a><\/p>\n<p><span style=\"color: #000000; font-family: comic; font-size: 12pt;\"><strong>GaBiBe\u00a0<\/strong>Bergstra\u00dfe GmbH<\/span><\/p>\n<p><span style=\"color: #000000; font-family: comic; font-size: 12pt;\">Wilhelmstra\u00dfe 1<\/span><\/p>\n<p><span style=\"color: #000000; font-family: comic; font-size: 12pt;\">64646 Heppenheim<\/span><\/p>\n<p><span style=\"color: #000000; font-family: comic; font-size: 12pt;\">Mail: <a style=\"color: #000000;\" href=\"mailto:m.geiszler@gabibe-bergstrasse.de\">m.geiszler@gabibe-bergstrasse.de<\/a><\/span><\/p>\n<p><span style=\"color: #000000; font-family: comic; font-size: 12pt;\">Mobi<\/span><span style=\"color: #000000; font-family: comic; font-size: 12pt;\">l: 01578-5300625<\/span><\/p>\n<p><strong><span style=\"font-family: comic; font-size: 12pt; color: #000000;\">Sprechzeiten:<\/span><\/strong><\/p>\n<p><span style=\"font-family: comic; font-size: 12pt; color: #000000;\">Jeden <strong>Dienstag von 10.45 Uhr &#8211; 11.45 Uhr<\/strong> <\/span><span style=\"font-size: 12pt; color: black; font-family: comic;\">in meinem HELP-B\u00fcro<\/span><\/p>\n<p><span style=\"font-size: 12pt; color: black; font-family: comic;\">Nat\u00fcrlich bin ich auch von Montag bis Donnerstag f\u00fcr Sie ansprechbar, wen<\/span><span style=\"font-size: 12pt; color: black; font-family: comic;\">n ich im Haus bin.<\/span><\/p>\n<p><span style=\"font-size: 12pt; color: #000000;\">Hier finden Sie ausf\u00fchrlichere Informationen.<\/span><\/p>\n<p><span style=\"color: #000000; font-family: comic; font-size: 12pt;\">Home:\u00a0<a style=\"color: #000000;\" href=\"http:\/\/www.gabibe-bergstrasse.de\/\">http:\/\/www.gabibe-bergstrasse.de<\/a><\/span><\/p>\n<hr \/>\n<p><strong><span style=\"font-family: comic; color: #000000; font-size: 12pt;\">UBUS-Sozialp\u00e4dagogische Fachkraft<br \/>\n<\/span><\/strong><\/p>\n<p><a href=\"http:\/\/www.wingertsbergschule-lorsch.de\/?attachment_id=2029\" rel=\"attachment wp-att-2029\"><img loading=\"lazy\" class=\"size-full wp-image-2029 aligncenter\" src=\"http:\/\/www.wingertsbergschule-lorsch.de\/wp-content\/uploads\/2018\/08\/Sozialarbeit.jpg\" alt=\"\" width=\"200\" height=\"191\" \/><\/a><\/p>\n<p><span style=\"color: #000000; font-size: 12pt; font-family: comic;\">Mein Name ist Karin Mitter und ich bin die Schulsozialarbeiterin an der Wingertsbergschule. Meine Aufgabe als Schulsozialarbeiterin ist es, allen am Schulleben beteiligten Personen unterst\u00fctzend zur Seite zu stehen. Somit bin ich Ansprechpartnerin f\u00fcr Sch\u00fclerInnen, LehrerInnen\u00a0und Eltern. Dabei ist eine meiner Kernaufgaben die Einzelfallhilfe und die Beratung bei individuellen Problemlagen sowie die St\u00e4rkung und Stabilisierung der Kinder.<\/span><\/p>\n<p><span style=\"color: #000000; font-size: 12pt; font-family: comic;\">Die Schulsozialarbeit setzt sich zum Ziel, Kinder und Jugendliche im Prozess des Heranwachsens zu begleiten, sie bei einer f\u00fcr sie befriedigenden Lebensbew\u00e4ltigung zu unterst\u00fctzen und ihre Kompetenzen zur L\u00f6sung von pers\u00f6nlichen und \/ oder sozialen Problem zu f\u00f6rdern.<\/span><\/p>\n<p><span style=\"color: #000000; font-size: 12pt; font-family: comic;\">Die Aufgabenfelder der Schulsozialarbeit sind:<\/span><\/p>\n<ul>\n<li><span style=\"color: #000000; font-size: 12pt; font-family: comic;\">Beteiligung bei der Weiterentwicklung der Lebenswelt Schule als f\u00f6rderlicher und positiver\u00a0 Erfahrungsraum<\/span><\/li>\n<li><span style=\"color: #000000; font-size: 12pt; font-family: comic;\">Einzelfallhilfe, Beratung und Begleitung der Sch\u00fclerschaft mit besonderen Problemlagen<\/span><\/li>\n<li><span style=\"color: #000000; font-size: 12pt; font-family: comic;\">Mitarbeit bei Pr\u00e4ventivangeboten<\/span><\/li>\n<li><span style=\"color: #000000; font-size: 12pt; font-family: comic;\">Beratung von und mit Lehrkr\u00e4ften, Schulleitung, Eltern und Sorgeberechtigten<\/span><\/li>\n<li><span style=\"color: #000000; font-size: 12pt; font-family: comic;\">Elternarbeit<\/span><\/li>\n<li><span style=\"color: #000000; font-size: 12pt; font-family: comic;\">Kooperation mit der Schule, Beh\u00f6rden, sozialen Einrichtungen und Beratungsstellen<\/span><\/li>\n<li><\/li>\n<li><span style=\"color: #000000; font-size: 12pt; font-family: comic;\">Schulsozialarbeit baut Br\u00fccken. Sie richtet sich an alle Mitglieder der Schulgemeinschaft:<\/span><\/li>\n<li><span style=\"color: #000000; font-size: 12pt; font-family: comic;\">alle Kinder der Schule,<\/span><\/li>\n<li><span style=\"color: #000000; font-size: 12pt; font-family: comic;\">an Eltern und Familien sowie<\/span><\/li>\n<li><span style=\"color: #000000; font-size: 12pt; font-family: comic;\">die Lehrkr\u00e4fte<\/span><\/li>\n<li><\/li>\n<li><span style=\"color: #000000; font-size: 12pt; font-family: comic;\">Zu meinen Arbeitsschwerpunkten geh\u00f6ren:<\/span><\/li>\n<li><span style=\"color: #000000; font-size: 12pt; font-family: comic;\">Einzelfallhilfe (Beratung und Begleitung)<\/span><\/li>\n<li><span style=\"color: #000000; font-size: 12pt; font-family: comic;\">soziale Gruppenarbeit<\/span><\/li>\n<li><span style=\"color: #000000; font-size: 12pt; font-family: comic;\">Elternarbeit (Beratung, Unterst\u00fctzung, Vermittlung an Fachdienste)<\/span><\/li>\n<li><span style=\"color: #000000; font-size: 12pt; font-family: comic;\">Mitgestaltung schulischer Aktivit\u00e4ten und Veranstaltungen<\/span><\/li>\n<li><span style=\"color: #000000; font-size: 12pt; font-family: comic;\">Mitarbeit in Schulgremien und der schulorientierten Gemeinwesenarbeit<\/span><\/li>\n<\/ul>\n<p>&nbsp;<\/p>\n<p><span style=\"color: #000000; font-size: 12pt; font-family: comic;\">Die Angebote der Schulsozialarbeit sind freiwillig, kostenlos und vertraulich.<\/span><\/p>\n<p><span style=\"color: #000000; font-size: 12pt; font-family: comic;\">Ich freue mich auf eine gute Zusammenarbeit mit Ihnen und Ihren Kindern.<\/span><\/p>\n<p><span style=\"color: #000000; font-size: 12pt; font-family: comic;\">Ihre Karin Mitter<\/span><\/p>\n<p><span style=\"color: #000000; font-size: 12pt; font-family: comic;\">Kontakt:<\/span><\/p>\n<p><span style=\"color: #000000; font-size: 12pt; font-family: comic;\">Kindersprechstunde: Montag \u2013 Donnerstag, 1. gro\u00dfe Pause und nach Vereinbarung in Absprache mit den KlassenlehrerInnen<\/span><\/p>\n<p><span style=\"color: #000000; font-size: 12pt; font-family: comic;\">Telefonnummer: 06251\/8567590<\/span><\/p>\n<p><span style=\"color: #000000; font-size: 12pt; font-family: comic;\">E-Mail: wbs.mitter@gmx.de<\/span><\/p>\n<div class=\"pvc_clear\"><\/div>\n<p id=\"pvc_stats_3350\" class=\"pvc_stats all  \" data-element-id=\"3350\" style=\"\"><i class=\"pvc-stats-icon large\" aria-hidden=\"true\"><svg aria-hidden=\"true\" focusable=\"false\" data-prefix=\"far\" data-icon=\"chart-bar\" role=\"img\" xmlns=\"http:\/\/www.w3.org\/2000\/svg\" viewBox=\"0 0 512 512\" class=\"svg-inline--fa fa-chart-bar fa-w-16 fa-2x\"><path fill=\"currentColor\" d=\"M396.8 352h22.4c6.4 0 12.8-6.4 12.8-12.8V108.8c0-6.4-6.4-12.8-12.8-12.8h-22.4c-6.4 0-12.8 6.4-12.8 12.8v230.4c0 6.4 6.4 12.8 12.8 12.8zm-192 0h22.4c6.4 0 12.8-6.4 12.8-12.8V140.8c0-6.4-6.4-12.8-12.8-12.8h-22.4c-6.4 0-12.8 6.4-12.8 12.8v198.4c0 6.4 6.4 12.8 12.8 12.8zm96 0h22.4c6.4 0 12.8-6.4 12.8-12.8V204.8c0-6.4-6.4-12.8-12.8-12.8h-22.4c-6.4 0-12.8 6.4-12.8 12.8v134.4c0 6.4 6.4 12.8 12.8 12.8zM496 400H48V80c0-8.84-7.16-16-16-16H16C7.16 64 0 71.16 0 80v336c0 17.67 14.33 32 32 32h464c8.84 0 16-7.16 16-16v-16c0-8.84-7.16-16-16-16zm-387.2-48h22.4c6.4 0 12.8-6.4 12.8-12.8v-70.4c0-6.4-6.4-12.8-12.8-12.8h-22.4c-6.4 0-12.8 6.4-12.8 12.8v70.4c0 6.4 6.4 12.8 12.8 12.8z\" class=\"\"><\/path><\/svg><\/i> <img loading=\"lazy\" width=\"16\" height=\"16\" alt=\"Loading\" src=\"http:\/\/www.wingertsbergschule-lorsch.de\/wp-content\/plugins\/page-views-count\/ajax-loader-2x.gif\" border=0 \/><\/p>\n<div class=\"pvc_clear\"><\/div>\n","protected":false},"excerpt":{"rendered":"<p>HELP Hilfe durch\u00a0erfolgreiche\u00a0L\u00f6sungen mit\u00a0Profis Soziale Arbeit an Schulen und ein professioneller Ansprechpartner f\u00fcr Sch\u00fclerinnen und Sch\u00fcler sowie deren Sorgeberechtigten in allen Lebenslagen. Durch individuelle Beratung und Begleitung finden wir gemeinsam L\u00f6sungen f\u00fcr eine Vielzahl von Problemlagen und unterst\u00fctzen bei der Inanspruchnahme von weiterf\u00fchrenden Hilfen. Vertrauliche Beratung von Sch\u00fclerinnen und Sch\u00fclern in Einzelgespr\u00e4chen Vertrauliche Beratung von [&hellip;]<\/p>\n<div class=\"pvc_clear\"><\/div>\n<p id=\"pvc_stats_3350\" class=\"pvc_stats all  \" data-element-id=\"3350\" style=\"\"><i class=\"pvc-stats-icon large\" aria-hidden=\"true\"><svg aria-hidden=\"true\" focusable=\"false\" data-prefix=\"far\" data-icon=\"chart-bar\" role=\"img\" xmlns=\"http:\/\/www.w3.org\/2000\/svg\" viewBox=\"0 0 512 512\" class=\"svg-inline--fa fa-chart-bar fa-w-16 fa-2x\"><path fill=\"currentColor\" d=\"M396.8 352h22.4c6.4 0 12.8-6.4 12.8-12.8V108.8c0-6.4-6.4-12.8-12.8-12.8h-22.4c-6.4 0-12.8 6.4-12.8 12.8v230.4c0 6.4 6.4 12.8 12.8 12.8zm-192 0h22.4c6.4 0 12.8-6.4 12.8-12.8V140.8c0-6.4-6.4-12.8-12.8-12.8h-22.4c-6.4 0-12.8 6.4-12.8 12.8v198.4c0 6.4 6.4 12.8 12.8 12.8zm96 0h22.4c6.4 0 12.8-6.4 12.8-12.8V204.8c0-6.4-6.4-12.8-12.8-12.8h-22.4c-6.4 0-12.8 6.4-12.8 12.8v134.4c0 6.4 6.4 12.8 12.8 12.8zM496 400H48V80c0-8.84-7.16-16-16-16H16C7.16 64 0 71.16 0 80v336c0 17.67 14.33 32 32 32h464c8.84 0 16-7.16 16-16v-16c0-8.84-7.16-16-16-16zm-387.2-48h22.4c6.4 0 12.8-6.4 12.8-12.8v-70.4c0-6.4-6.4-12.8-12.8-12.8h-22.4c-6.4 0-12.8 6.4-12.8 12.8v70.4c0 6.4 6.4 12.8 12.8 12.8z\" class=\"\"><\/path><\/svg><\/i> <img loading=\"lazy\" width=\"16\" height=\"16\" alt=\"Loading\" src=\"http:\/\/www.wingertsbergschule-lorsch.de\/wp-content\/plugins\/page-views-count\/ajax-loader-2x.gif\" border=0 \/><\/p>\n<div class=\"pvc_clear\"><\/div>\n","protected":false},"author":1,"featured_media":0,"parent":0,"menu_order":0,"comment_status":"closed","ping_status":"closed","template":"","meta":[],"_links":{"self":[{"href":"http:\/\/www.wingertsbergschule-lorsch.de\/index.php?rest_route=\/wp\/v2\/pages\/3350"}],"collection":[{"href":"http:\/\/www.wingertsbergschule-lorsch.de\/index.php?rest_route=\/wp\/v2\/pages"}],"about":[{"href":"http:\/\/www.wingertsbergschule-lorsch.de\/index.php?rest_route=\/wp\/v2\/types\/page"}],"author":[{"embeddable":true,"href":"http:\/\/www.wingertsbergschule-lorsch.de\/index.php?rest_route=\/wp\/v2\/users\/1"}],"replies":[{"embeddable":true,"href":"http:\/\/www.wingertsbergschule-lorsch.de\/index.php?rest_route=%2Fwp%2Fv2%2Fcomments&post=3350"}],"version-history":[{"count":26,"href":"http:\/\/www.wingertsbergschule-lorsch.de\/index.php?rest_route=\/wp\/v2\/pages\/3350\/revisions"}],"predecessor-version":[{"id":4566,"href":"http:\/\/www.wingertsbergschule-lorsch.de\/index.php?rest_route=\/wp\/v2\/pages\/3350\/revisions\/4566"}],"wp:attachment":[{"href":"http:\/\/www.wingertsbergschule-lorsch.de\/index.php?rest_route=%2Fwp%2Fv2%2Fmedia&parent=3350"}],"curies":[{"name":"wp","href":"https:\/\/api.w.org\/{rel}","templated":true}]}}