{"id":580,"date":"2015-04-11T17:50:57","date_gmt":"2015-04-11T15:50:57","guid":{"rendered":"http:\/\/www.wingertsbergschule-lorsch.de\/?page_id=580"},"modified":"2019-11-04T09:32:43","modified_gmt":"2019-11-04T07:32:43","slug":"bewegte-schule","status":"publish","type":"page","link":"http:\/\/www.wingertsbergschule-lorsch.de\/?page_id=580","title":{"rendered":"Bewegte Schule"},"content":{"rendered":"<p align=\"center\"><span style=\"color: #000000; font-family: Comic Sans MS,sans-serif; font-size: 14pt;\"><i>Bewegung macht beweglich &#8211;<\/i><\/span><\/p>\n<p align=\"center\"><span style=\"color: #000000; font-family: Comic Sans MS,sans-serif; font-size: 14pt;\"><i>und Beweglichkeit kann<\/i><\/span><\/p>\n<p align=\"center\"><span style=\"color: #000000; font-family: Comic Sans MS,sans-serif; font-size: 14pt;\"><i>manches in Bewegung setzen. <\/i><\/span><\/p>\n<p align=\"center\"><span style=\"font-size: 10pt; color: #000000;\">Paul Haschek\u00a0 <\/span><span style=\"color: #000000; font-family: Comic Sans MS,sans-serif; font-size: 10pt;\"><small class=\"author-info\">(1932 &#8211; 2011), deutscher Theologe<\/small><br \/>\n<\/span><\/p>\n<p><a href=\"http:\/\/www.wingertsbergschule-lorsch.de\/?attachment_id=974\" rel=\"attachment wp-att-974\"><img loading=\"lazy\" class=\"size-medium wp-image-974 aligncenter\" src=\"http:\/\/www.wingertsbergschule-lorsch.de\/wp-content\/uploads\/2016\/01\/dynami3-300x136.jpg\" alt=\"2211, Wingertsbergschule Klasse 4a dynamisches Lernen Bild: Lotz\" width=\"300\" height=\"136\" \/><\/a><\/p>\n<p><span style=\"font-family: Comic Sans MS,sans-serif; font-size: 12pt; color: #000000;\">&#8222;Bleibt doch bitte mal ruhiger sitzen !&#8220; Solche Ermahnungen geh\u00f6rten im Klassenzimmer der Klasse 4a &#8211; und sicher nicht nur dort &#8211; zur Tagesordnung, um ein ruhigeres Arbeiten zu erm\u00f6glichen. Zwar wurden immer wieder Bewegungspausen eingelegt, um dem Bewegungsdrang der Kinder gerecht zu werden, doch dies \u00e4nderte an der Grundsituation nichts. So wurde die Anregung von Volker Albert, engagierter Vater und selbst Physiotherapeut und Sportp\u00e4dagoge, ein &#8222;Bewegtes Klassenzimmer&#8220; einzurichten, sofort dankbar aufgenommen. Wei\u00df man doch, dass in motorischen Tests Kinder heute durchschnittlich zehn Prozent schlechter abschneiden als zu Beginn der achtziger Jahre. Au\u00dferdem ist es wissenschaftlich nachgewiesen, dass die geistige und k\u00f6rperliche Entwicklung der Kinder besonders im ersten Lebensjahrzehnt eng mit Sinnes- und Bewegungserlebnissen verkn\u00fcpft ist.<\/span><\/p>\n<p><span style=\"font-family: Comic Sans MS,sans-serif; font-size: 12pt; color: #000000;\">Aus diesem Grund regte Volker Albert an, das Klassenzimmer mit speziellen Sitzkissen, Matten sowie h\u00f6henverstellbaren Stehtischen auszustatten. Nach wochenlanger, m\u00fchevoller Suche nach Sponsoren konnte das Projekt im November 2007 starten:<\/span><\/p>\n<p><a href=\"http:\/\/www.wingertsbergschule-lorsch.de\/?attachment_id=973\" rel=\"attachment wp-att-973\"><img loading=\"lazy\" class=\"size-medium wp-image-973 alignleft\" src=\"http:\/\/www.wingertsbergschule-lorsch.de\/wp-content\/uploads\/2016\/01\/dynami2-217x300.jpg\" alt=\"2211, Wingertsbergschule Klasse 4a dynamisches Lernen Bild: Lotz\" width=\"217\" height=\"300\" \/><\/a><\/p>\n<p><a href=\"http:\/\/www.wingertsbergschule-lorsch.de\/?attachment_id=972\" rel=\"attachment wp-att-972\"><img loading=\"lazy\" class=\"size-medium wp-image-972 aligncenter\" src=\"http:\/\/www.wingertsbergschule-lorsch.de\/wp-content\/uploads\/2016\/01\/dynami1-300x177.jpg\" alt=\"2211, Wingertsbergschule Klasse 4a dynamisches Lernen Bild: Lotz\" width=\"300\" height=\"177\" \/><\/a><\/p>\n<p><a href=\"http:\/\/www.wingertsbergschule-lorsch.de\/?attachment_id=971\" rel=\"attachment wp-att-971\"><img loading=\"lazy\" class=\" wp-image-971 aligncenter\" src=\"http:\/\/www.wingertsbergschule-lorsch.de\/wp-content\/uploads\/2016\/01\/dynami5-300x293.jpg\" alt=\"2211, Wingertsbergschule Klasse 4a dynamisches Lernen Bild: Lotz\" width=\"250\" height=\"244\" \/><\/a><\/p>\n<p align=\"center\"><span style=\"color: #ff0000; font-size: large;\">Wir danken an dieser Stelle ganz herzlich allen Sponsoren und vor allem Volker Albert f\u00fcr sein gro\u00dfartiges Engagement, ohne das ein solches Projekt nicht m\u00f6glich gewesen w\u00e4re!<\/span><\/p>\n<p align=\"center\"><span style=\"color: #ff0000; font-size: large;\"><span style=\"text-decoration: underline;\">Die Sponsoren sind:<\/span> <\/span><\/p>\n<p align=\"center\"><span style=\"font-size: large;\">Volksbank Kreis Bergstra\u00dfe, Stahlbau Albert, Firma Teichmann-Dachdecker, M\u00f6bel G\u00e4rtner, Aseo-Hygiene Partner Bensheim, Pro Office-B\u00fcro-Konzepte, B\u00e4ckerei Dray\u00df, Schreinerei Eichhorn sowie dem F\u00f6rderverein der Wingertsbergschule .<\/span><\/p>\n<p align=\"center\"><a href=\"http:\/\/www.wingertsbergschule-lorsch.de\/?attachment_id=984\" rel=\"attachment wp-att-984\"><img loading=\"lazy\" class=\"size-medium wp-image-984 aligncenter\" src=\"http:\/\/www.wingertsbergschule-lorsch.de\/wp-content\/uploads\/2015\/04\/DankeSpender-300x216.jpg\" alt=\"DankeSpender\" width=\"300\" height=\"216\" \/><\/a><\/p>\n<p align=\"center\"><span style=\"text-decoration: underline;\"><span style=\"color: #ff0000; text-decoration: underline;\">Weitere Sponsoren im Schuljahr 2009\/2010:<\/span><\/span><\/p>\n<p align=\"center\">AOK Hessen &#8211; Liegematten im Wert von 1900,- \u20ac;\u00a0 Techniker Krankenkasse &#8211; 1700,- \u20ac;<\/p>\n<p align=\"center\">Rechtsanw\u00e4lte Dallhammer&amp; Kellermann &#8211; 500 \u20ac; MKG Chirurgie Dr. Dr. Ren\u00e9 W\u00f6rtche f\u00fcr 300,- \u20ac<\/p>\n<p align=\"center\"><span style=\"font-size: large;\">Dankesch\u00f6n auch an Hans-J\u00fcrgen Brunnengr\u00e4ber f\u00fcr das Bild und den Artikel im i-Punkt:<\/span><\/p>\n<ul>\n<li>\n<p align=\"left\"><span style=\"font-size: large;\">\u00a0<\/span>Wenn Bewegung fr\u00f6hlich macht &#8211; Artikel im I-Punkt vom 6.3.2008<\/p>\n<\/li>\n<li>\u00a0Der Presseartikel\u00a0 im BA vom 29.11.07.<\/li>\n<li><span style=\"font-size: large;\">\u00a0<\/span>18.9.2008\u00a0 &#8222;Bewegte Kinder-Schlaue K\u00f6pfe&#8220;<span style=\"font-size: large;\"><br \/>\n<\/span>Referent: Dr. phil. Dieter Breithecker sowie Volker Albert<\/li>\n<li>Presse : 30.4.2009 Bewegtes Klassenzimmer<\/li>\n<\/ul>\n<p>Auch an einem Bewegungswettbewerb von moll- Schulm\u00f6bel wurde teilgenommen.<\/p>\n<p style=\"text-align: center;\">Als Dankesch\u00f6n f\u00fcr seinen Einsatz erhielt Volker Albert das Bild unserer bewegten Schule:<a href=\"http:\/\/www.wingertsbergschule-lorsch.de\/?attachment_id=978\" rel=\"attachment wp-att-978\"><img loading=\"lazy\" class=\"size-medium wp-image-978 aligncenter\" src=\"http:\/\/www.wingertsbergschule-lorsch.de\/wp-content\/uploads\/2016\/01\/Volker2-Kopie-300x200.jpg\" alt=\"Volker2 Kopie\" width=\"300\" height=\"200\" srcset=\"http:\/\/www.wingertsbergschule-lorsch.de\/wp-content\/uploads\/2016\/01\/Volker2-Kopie-300x200.jpg 300w, http:\/\/www.wingertsbergschule-lorsch.de\/wp-content\/uploads\/2016\/01\/Volker2-Kopie-768x512.jpg 768w, http:\/\/www.wingertsbergschule-lorsch.de\/wp-content\/uploads\/2016\/01\/Volker2-Kopie-1024x683.jpg 1024w, http:\/\/www.wingertsbergschule-lorsch.de\/wp-content\/uploads\/2016\/01\/Volker2-Kopie.jpg 1329w\" sizes=\"(max-width: 300px) 100vw, 300px\" \/><\/a><\/p>\n<p><span style=\"font-size: 12pt; color: #ff0000; font-family: Comic Sans MS,sans-serif;\">Die Bewegte Schule bleibt auch weiterhin aktuell:<\/span><\/p>\n<ul>\n<li><span style=\"font-family: Comic Sans MS, sans-serif; font-size: 12pt; color: #000000;\"><a href=\"http:\/\/www.wingertsbergschule-lorsch.de\/wp-content\/uploads\/2018\/11\/Bewegte-Schule-geht-weiter.docx\">Fit for future<\/a>: <\/span><span style=\"color: #000000; font-size: 12pt; font-family: Comic Sans MS, sans-serif;\">Mehr zu diesem Programm finden Sie unter diesm <a href=\"https:\/\/www.fit-4-future.de\/de\">Link<\/a>.<\/span><\/li>\n<\/ul>\n<p>&nbsp;<\/p>\n<ul>\n<li><span style=\"font-size: 12pt;\"><a href=\"http:\/\/www.mehr-bewegung-in-die-schule.de\/02_grundlagen_haus_bewegte_schule.htm?utm_medium=email&amp;opt_affiliate=SCH089000kuendi&amp;utm_campaign=108578444880_2015-09-10T06%3A13_PRO+Schule+News+vom+10.09.2015&amp;utm_source=771562427&amp;SYS=286&amp;SCID=aGFucy5uZXVtYW5uQGtyZWlzLWJlcmdzdHJhc3NlLmRl&amp;opt_mandator=771562427\"><span style=\"font-family: Comic Sans MS,sans-serif; color: #000000;\">Mehr Bewegung in der Schule <\/span><\/a><\/span><\/li>\n<\/ul>\n<p>&nbsp;<\/p>\n<table id=\"AutoNumber1\" border=\"1\" width=\"100%\" cellspacing=\"0\" cellpadding=\"0\">\n<tbody>\n<tr>\n<td align=\"center\" width=\"50%\"><\/td>\n<td align=\"center\" width=\"50%\"><\/td>\n<\/tr>\n<\/tbody>\n<\/table>\n<div class=\"pvc_clear\"><\/div>\n<p id=\"pvc_stats_580\" class=\"pvc_stats all  \" data-element-id=\"580\" style=\"\"><i class=\"pvc-stats-icon large\" aria-hidden=\"true\"><svg aria-hidden=\"true\" focusable=\"false\" data-prefix=\"far\" data-icon=\"chart-bar\" role=\"img\" xmlns=\"http:\/\/www.w3.org\/2000\/svg\" viewBox=\"0 0 512 512\" class=\"svg-inline--fa fa-chart-bar fa-w-16 fa-2x\"><path fill=\"currentColor\" d=\"M396.8 352h22.4c6.4 0 12.8-6.4 12.8-12.8V108.8c0-6.4-6.4-12.8-12.8-12.8h-22.4c-6.4 0-12.8 6.4-12.8 12.8v230.4c0 6.4 6.4 12.8 12.8 12.8zm-192 0h22.4c6.4 0 12.8-6.4 12.8-12.8V140.8c0-6.4-6.4-12.8-12.8-12.8h-22.4c-6.4 0-12.8 6.4-12.8 12.8v198.4c0 6.4 6.4 12.8 12.8 12.8zm96 0h22.4c6.4 0 12.8-6.4 12.8-12.8V204.8c0-6.4-6.4-12.8-12.8-12.8h-22.4c-6.4 0-12.8 6.4-12.8 12.8v134.4c0 6.4 6.4 12.8 12.8 12.8zM496 400H48V80c0-8.84-7.16-16-16-16H16C7.16 64 0 71.16 0 80v336c0 17.67 14.33 32 32 32h464c8.84 0 16-7.16 16-16v-16c0-8.84-7.16-16-16-16zm-387.2-48h22.4c6.4 0 12.8-6.4 12.8-12.8v-70.4c0-6.4-6.4-12.8-12.8-12.8h-22.4c-6.4 0-12.8 6.4-12.8 12.8v70.4c0 6.4 6.4 12.8 12.8 12.8z\" class=\"\"><\/path><\/svg><\/i> <img loading=\"lazy\" width=\"16\" height=\"16\" alt=\"Loading\" src=\"http:\/\/www.wingertsbergschule-lorsch.de\/wp-content\/plugins\/page-views-count\/ajax-loader-2x.gif\" border=0 \/><\/p>\n<div class=\"pvc_clear\"><\/div>\n","protected":false},"excerpt":{"rendered":"<p>Bewegung macht beweglich &#8211; und Beweglichkeit kann manches in Bewegung setzen. Paul Haschek\u00a0 (1932 &#8211; 2011), deutscher Theologe &#8222;Bleibt doch bitte mal ruhiger sitzen !&#8220; Solche Ermahnungen geh\u00f6rten im Klassenzimmer der Klasse 4a &#8211; und sicher nicht nur dort &#8211; zur Tagesordnung, um ein ruhigeres Arbeiten zu erm\u00f6glichen. Zwar wurden immer wieder Bewegungspausen eingelegt, um [&hellip;]<\/p>\n<div class=\"pvc_clear\"><\/div>\n<p id=\"pvc_stats_580\" class=\"pvc_stats all  \" data-element-id=\"580\" style=\"\"><i class=\"pvc-stats-icon large\" aria-hidden=\"true\"><svg aria-hidden=\"true\" focusable=\"false\" data-prefix=\"far\" data-icon=\"chart-bar\" role=\"img\" xmlns=\"http:\/\/www.w3.org\/2000\/svg\" viewBox=\"0 0 512 512\" class=\"svg-inline--fa fa-chart-bar fa-w-16 fa-2x\"><path fill=\"currentColor\" d=\"M396.8 352h22.4c6.4 0 12.8-6.4 12.8-12.8V108.8c0-6.4-6.4-12.8-12.8-12.8h-22.4c-6.4 0-12.8 6.4-12.8 12.8v230.4c0 6.4 6.4 12.8 12.8 12.8zm-192 0h22.4c6.4 0 12.8-6.4 12.8-12.8V140.8c0-6.4-6.4-12.8-12.8-12.8h-22.4c-6.4 0-12.8 6.4-12.8 12.8v198.4c0 6.4 6.4 12.8 12.8 12.8zm96 0h22.4c6.4 0 12.8-6.4 12.8-12.8V204.8c0-6.4-6.4-12.8-12.8-12.8h-22.4c-6.4 0-12.8 6.4-12.8 12.8v134.4c0 6.4 6.4 12.8 12.8 12.8zM496 400H48V80c0-8.84-7.16-16-16-16H16C7.16 64 0 71.16 0 80v336c0 17.67 14.33 32 32 32h464c8.84 0 16-7.16 16-16v-16c0-8.84-7.16-16-16-16zm-387.2-48h22.4c6.4 0 12.8-6.4 12.8-12.8v-70.4c0-6.4-6.4-12.8-12.8-12.8h-22.4c-6.4 0-12.8 6.4-12.8 12.8v70.4c0 6.4 6.4 12.8 12.8 12.8z\" class=\"\"><\/path><\/svg><\/i> <img loading=\"lazy\" width=\"16\" height=\"16\" alt=\"Loading\" src=\"http:\/\/www.wingertsbergschule-lorsch.de\/wp-content\/plugins\/page-views-count\/ajax-loader-2x.gif\" border=0 \/><\/p>\n<div class=\"pvc_clear\"><\/div>\n","protected":false},"author":1,"featured_media":0,"parent":0,"menu_order":40,"comment_status":"closed","ping_status":"closed","template":"","meta":[],"_links":{"self":[{"href":"http:\/\/www.wingertsbergschule-lorsch.de\/index.php?rest_route=\/wp\/v2\/pages\/580"}],"collection":[{"href":"http:\/\/www.wingertsbergschule-lorsch.de\/index.php?rest_route=\/wp\/v2\/pages"}],"about":[{"href":"http:\/\/www.wingertsbergschule-lorsch.de\/index.php?rest_route=\/wp\/v2\/types\/page"}],"author":[{"embeddable":true,"href":"http:\/\/www.wingertsbergschule-lorsch.de\/index.php?rest_route=\/wp\/v2\/users\/1"}],"replies":[{"embeddable":true,"href":"http:\/\/www.wingertsbergschule-lorsch.de\/index.php?rest_route=%2Fwp%2Fv2%2Fcomments&post=580"}],"version-history":[{"count":29,"href":"http:\/\/www.wingertsbergschule-lorsch.de\/index.php?rest_route=\/wp\/v2\/pages\/580\/revisions"}],"predecessor-version":[{"id":2596,"href":"http:\/\/www.wingertsbergschule-lorsch.de\/index.php?rest_route=\/wp\/v2\/pages\/580\/revisions\/2596"}],"wp:attachment":[{"href":"http:\/\/www.wingertsbergschule-lorsch.de\/index.php?rest_route=%2Fwp%2Fv2%2Fmedia&parent=580"}],"curies":[{"name":"wp","href":"https:\/\/api.w.org\/{rel}","templated":true}]}}